{"id":5670,"date":"2020-10-27T08:26:38","date_gmt":"2020-10-27T05:26:38","guid":{"rendered":"https:\/\/demo2wpopal.b-cdn.net\/triply\/search-result\/"},"modified":"2022-05-28T17:36:36","modified_gmt":"2022-05-28T14:36:36","slug":"all-tours","status":"publish","type":"page","link":"https:\/\/alanyahamam.com\/tr\/all-tours\/","title":{"rendered":"Hizmetlerimiz"},"content":{"rendered":"<div data-elementor-type=\"wp-page\" data-elementor-id=\"5670\" class=\"elementor elementor-5670\">\n\t\t\t\t\t\t\t\t\t<div class=\"elementor-section elementor-top-section elementor-element elementor-element-78de27b elementor-section-stretched elementor-section-boxed elementor-section-height-default elementor-section-height-default\" data-id=\"78de27b\" data-element_type=\"section\" data-settings=\"{&quot;stretch_section&quot;:&quot;section-stretched&quot;}\">\n\t\t\t\t\t\t<div class=\"elementor-container elementor-column-gap-no\">\n\t\t\t\t\t<div class=\"elementor-column elementor-col-100 elementor-top-column elementor-element elementor-element-ea59bb2\" data-id=\"ea59bb2\" data-element_type=\"column\">\n\t\t\t<div class=\"elementor-widget-wrap elementor-element-populated\">\n\t\t\t\t\t\t\t\t<div class=\"elementor-element elementor-element-be75fc5 layout-style-1 elementor-widget elementor-widget-babe-search-form\" data-id=\"be75fc5\" data-element_type=\"widget\" data-widget_type=\"babe-search-form.default\">\n\t\t\t\t<div class=\"elementor-widget-container\">\n\t\t\t\n        <div id=\"triply-search-box\" class=\"babe-search-box\">\n            <form name=\"search_form\" action=\"https:\/\/alanyahamam.com\/tr\/all-tours\/\" method=\"get\" id=\"search_form\" class=\"babe-search-form\" data-trp-original-action=\"https:\/\/alanyahamam.com\/tr\/all-tours\/\">\n                <div class=\"search-form-inner\">\n                    <div class=\"input-group col-4\">\n\t\t\t\t\t\t<div class=\"field-search-group\"><div class=\"field-group-inner locations-block\"><div class=\"icon-search left-search\"><i class=\"triply-icon- triply-icon-map-marker-alt\"><\/i><\/div><div class=\"field-search right-search\"><h4 class=\"field-title advanced-header\">Hedefler<\/h4><div class=\"add_input_field is-active\" data-tax=\"ba_locations\" tabindex=\"0\">\n                                        <div class=\"add_ids_title\">\n                                            <div class=\"add_ids_title_value\">Nereye gidiyorsun?<\/div><i class=\"js-triply-icon triply-icon triply-icon-chevron-down\"><\/i>\n                                            <ul id=\"add_ids_list_ba_locations\" class=\"add_ids_list\" data-parent=\"0\">\n        <li class=\"term_item term_item_all\" data-id=\"0\">All Destinations<\/li><li class=\"term_item_disabled term_item_level_0\" data-id=\"117\">T\u00fcrkiye\n           <ul id=\"add_ids_list_ba_locations_117\" class=\"add_ids_list_1\" >\n             <li class=\"term_item_disabled term_item_level_1\" data-id=\"118\"> Antalya\n           <ul id=\"add_ids_list_ba_locations_118\" class=\"add_ids_list_2\" >\n             <li class=\"term_item term_item_level_2\" data-id=\"119\">  Alanya<\/li>\n           <\/ul>\n           <\/li>\n           <\/ul>\n           <\/li>\n        <\/ul>\n                                            <input type=\"hidden\" class=\"input_select_input_value\" name=\"add_ids_ba_locations\" value=\"0\">\n                                          <\/div>  \t\n                                        <\/div><\/div><\/div><\/div><div class=\"field-search-group\"><div class=\"field-group-inner locations-block\"><div class=\"icon-search left-search\"><i class=\"triply-icon- triply-icon-fan\"><\/i><\/div><div class=\"field-search right-search\"><h4 class=\"field-title advanced-header\">Aktivite<\/h4><div class=\"add_input_field is-active\" data-tax=\"ba_types\" tabindex=\"0\">\n                                        <div class=\"add_ids_title\">\n                                            <div class=\"add_ids_title_value\">T\u00fcm Etkinlik<\/div><i class=\"js-triply-icon triply-icon triply-icon-chevron-down\"><\/i>\n                                            <ul id=\"add_ids_list_ba_types\" class=\"add_ids_list\" data-parent=\"0\">\n        <li class=\"term_item term_item_all\" data-id=\"0\">T\u00fcm Etkinlik<\/li><li class=\"term_item term_item_level_0\" data-id=\"78\">aromaterapi<\/li><li class=\"term_item term_item_level_0\" data-id=\"90\">Bali Masaj\u0131<\/li><li class=\"term_item term_item_level_0\" data-id=\"95\">Bambo Masaj\u0131<\/li><li class=\"term_item term_item_level_0\" data-id=\"84\">\u00e7ikolata masaj\u0131<\/li><li class=\"term_item term_item_level_0\" data-id=\"88\">Kil maskesi<\/li><li class=\"term_item term_item_level_0\" data-id=\"83\">Derin doku<\/li><li class=\"term_item term_item_level_0\" data-id=\"96\">bal\u0131k kapl\u0131cas\u0131<\/li><li class=\"term_item term_item_level_0\" data-id=\"91\">Ayak Rahatlama Masaj\u0131<\/li><li class=\"term_item term_item_level_0\" data-id=\"93\">Meyve Masaj\u0131<\/li><li class=\"term_item term_item_level_0\" data-id=\"89\">Kafa masaj\u0131<\/li><li class=\"term_item term_item_level_0\" data-id=\"79\">bal masaj\u0131<\/li><li class=\"term_item term_item_level_0\" data-id=\"82\">S\u0131cak Ta\u015f Masaj\u0131<\/li><li class=\"term_item term_item_level_0\" data-id=\"81\">Lenfatik Masaj<\/li><li class=\"term_item term_item_level_0\" data-id=\"94\">Manuel Terapi<\/li><li class=\"term_item term_item_level_0\" data-id=\"87\">T\u0131bbi Masaj<\/li><li class=\"term_item term_item_level_0\" data-id=\"77\">Rahatlama Masaj\u0131<\/li><li class=\"term_item term_item_level_0\" data-id=\"80\">Shiatsu Masaj\u0131<\/li><li class=\"term_item term_item_level_0\" data-id=\"86\">Spor Masaj\u0131<\/li><li class=\"term_item term_item_level_0\" data-id=\"92\">Tay Bitkisel Masaj<\/li><li class=\"term_item term_item_level_0\" data-id=\"85\">Tay Masaj\u0131<\/li>\n        <\/ul>\n                                            <input type=\"hidden\" class=\"input_select_input_value\" name=\"add_ids_ba_types\" value=\"0\">\n                                          <\/div>  \t\n                                        <\/div><\/div><\/div><\/div><div class=\"field-search-group\"><div class=\"field-group-inner date-block\"><div class=\"icon-search left-search\"><i class=\"triply-icon-calendar-alt\"><\/i><\/div><div class=\"field-search right-search\"><h4 class=\"field-title advanced-header\">Ne zaman<\/h4><div class=\"search_date_wrapper\"><span class=\"search-date search_date_wrapper_date_from\" data-title=\"Date from\">\n                            <label class=\"triply-date-from\" for=\"date_from\"><\/label><input type=\"text\" class=\"search_date\" id=\"date_from\" name=\"date_from\" value=\"\" placeholder=\"Date from\">\n                        <\/span><\/div><\/div><\/div><\/div><div class=\"field-search-group\"><div class=\"field-group-inner\"><div class=\"guest-block search_guests_field is-active\"><div class=\"icon-search left-search\"><i class=\"triply-icon-user\"><\/i><\/div><div class=\"field-search right-search\"><h4 class=\"field-title\">Misafirler<\/h4><span class=\"search_guests_title_value search_guests_title\">0<\/span>\n                                        <div class=\"search_guests_select_wrapper close_by_apply_btn\">\n                                             <div class=\"input_select_field input_select_field_guests\" data-name=\"guests[2]\">\n                              <span class=\"select_guests_value\">0<\/span>\n                              <span class=\"select_guests_title\">Yeti\u015fkin<\/span>\n                              <span class=\"search_guests_plus btn-search-guests-change btn btn-secondary-outlined\" tabindex=\"0\"><i class=\"fas fa-plus\"><\/i><\/span>\n                              <span class=\"search_guests_minus btn-search-guests-change btn btn-secondary-outlined\" tabindex=\"0\"><i class=\"fas fa-minus\"><\/i><\/span>\n                              <input type=\"hidden\" class=\"select_guests_input_value\" name=\"guests[2]\" value=\"0\">\n                           <\/div> <div class=\"input_select_field input_select_field_guests\" data-name=\"guests[3]\">\n                              <span class=\"select_guests_value\">0<\/span>\n                              <span class=\"select_guests_title\">Gen\u00e7lik<\/span>\n                              <span class=\"search_guests_plus btn-search-guests-change btn btn-secondary-outlined\" tabindex=\"0\"><i class=\"fas fa-plus\"><\/i><\/span>\n                              <span class=\"search_guests_minus btn-search-guests-change btn btn-secondary-outlined\" tabindex=\"0\"><i class=\"fas fa-minus\"><\/i><\/span>\n                              <input type=\"hidden\" class=\"select_guests_input_value\" name=\"guests[3]\" value=\"0\">\n                           <\/div> <div class=\"input_select_field input_select_field_guests\" data-name=\"guests[4]\">\n                              <span class=\"select_guests_value\">0<\/span>\n                              <span class=\"select_guests_title\">\u00c7ocuklar<\/span>\n                              <span class=\"search_guests_plus btn-search-guests-change btn btn-secondary-outlined\" tabindex=\"0\"><i class=\"fas fa-plus\"><\/i><\/span>\n                              <span class=\"search_guests_minus btn-search-guests-change btn btn-secondary-outlined\" tabindex=\"0\"><i class=\"fas fa-minus\"><\/i><\/span>\n                              <input type=\"hidden\" class=\"select_guests_input_value\" name=\"guests[4]\" value=\"0\">\n                           <\/div>\n                                            <div class=\"search_guests_apply\">\n                                                <button class=\"btn button btn-primary search_apply_btn\">Uygulamak<\/button>\n                                            <\/div>\n                                        <\/div>\t\n                                    <\/div>\n                                <\/div>\n                            <\/div><\/div>                    <\/div>\n                    <div class=\"submit\">\n                        <button name=\"submit\" class=\"btn button btn-primary btn-search\" value=\"1\">\n\t\t\t\t\t\t\t                                <i class=\"triply-icon triply-icon-search\"><\/i>\n\t\t\t\t\t\t\t\t\t\t\t\t\t\tArama                        <\/button>\n                    <\/div>\n                    <input type=\"hidden\" name=\"request_search_results\" value=\"1\">\n                    <input type=\"hidden\" name=\"search_results_sort_by\" value=\"title_asc\">\n                    \n                <\/div>\n            <input type=\"hidden\" name=\"trp-form-language\" value=\"tr\"\/><\/form>\n        <\/div>\n\t\t\t\t<\/div>\n\t\t\t\t<\/div>\n\t\t\t\t\t<\/div>\n\t\t<\/div>\n\t\t\t\t\t\t\t<\/div>\n\t\t<\/div>\n\t\t\t\t<div class=\"elementor-section elementor-top-section elementor-element elementor-element-0b26b03 elementor-section-stretched elementor-section-boxed elementor-section-height-default elementor-section-height-default\" data-id=\"0b26b03\" data-element_type=\"section\" data-settings=\"{&quot;stretch_section&quot;:&quot;section-stretched&quot;}\">\n\t\t\t\t\t\t<div class=\"elementor-container elementor-column-gap-no\">\n\t\t\t\t\t<div class=\"elementor-column elementor-col-100 elementor-top-column elementor-element elementor-element-830b755\" data-id=\"830b755\" data-element_type=\"column\">\n\t\t\t<div class=\"elementor-widget-wrap elementor-element-populated\">\n\t\t\t\t\t\t\t\t\t<\/div>\n\t\t<\/div>\n\t\t\t\t\t\t\t<\/div>\n\t\t<\/div>\n\t\t\t\t\t\t\t<\/div>","protected":false},"excerpt":{"rendered":"<p>Destinations Where are you going? All Destinations Africa Morocco Tanzania Americas Argentina Canada Colombia Costa Rica United States Asia Cambodia Japan Nepal ThaiLand Viet Nam Europe France Greece Iceland Italy Switzerland Activity All Activity All Activity Beaches City Tours Cruises Hiking Historical Museum Tours When Guests 0 0 Adult 0 Youth 0 Children Apply Search<\/p>","protected":false},"author":1,"featured_media":0,"parent":0,"menu_order":0,"comment_status":"closed","ping_status":"closed","template":"","meta":{"inline_featured_image":false,"footnotes":""},"class_list":["post-5670","page","type-page","status-publish","hentry"],"yoast_head":"<!-- This site is optimized with the Yoast SEO plugin v20.8 - https:\/\/yoast.com\/wordpress\/plugins\/seo\/ -->\n<title>Hizmetlerimiz - Alanya Spa &amp; Hamam<\/title>\n<meta name=\"robots\" content=\"index, follow, max-snippet:-1, max-image-preview:large, max-video-preview:-1\" \/>\n<link rel=\"canonical\" href=\"https:\/\/alanyahamam.com\/tr\/all-tours\/\" \/>\n<meta property=\"og:locale\" content=\"tr_TR\" \/>\n<meta property=\"og:type\" content=\"article\" \/>\n<meta property=\"og:title\" content=\"Hizmetlerimiz - Alanya Spa &amp; Hamam\" \/>\n<meta property=\"og:description\" content=\"Destinations Where are you going? All Destinations Africa Morocco Tanzania Americas Argentina Canada Colombia Costa Rica United States Asia Cambodia Japan Nepal ThaiLand Viet Nam Europe France Greece Iceland Italy Switzerland Activity All Activity All Activity Beaches City Tours Cruises Hiking Historical Museum Tours When Guests 0 0 Adult 0 Youth 0 Children Apply Search\" \/>\n<meta property=\"og:url\" content=\"https:\/\/alanyahamam.com\/tr\/all-tours\/\" \/>\n<meta property=\"og:site_name\" content=\"Alanya Spa &amp; Hamam\" \/>\n<meta property=\"article:modified_time\" content=\"2022-05-28T14:36:36+00:00\" \/>\n<meta name=\"twitter:card\" content=\"summary_large_image\" \/>\n<script type=\"application\/ld+json\" class=\"yoast-schema-graph\">{\"@context\":\"https:\/\/schema.org\",\"@graph\":[{\"@type\":\"WebPage\",\"@id\":\"https:\/\/alanyahamam.com\/ru\/all-tours\/\",\"url\":\"https:\/\/alanyahamam.com\/ru\/all-tours\/\",\"name\":\"Hizmetlerimiz - Alanya Spa &amp; Hamam\",\"isPartOf\":{\"@id\":\"https:\/\/alanyahamam.com\/#website\"},\"datePublished\":\"2020-10-27T05:26:38+00:00\",\"dateModified\":\"2022-05-28T14:36:36+00:00\",\"breadcrumb\":{\"@id\":\"https:\/\/alanyahamam.com\/ru\/all-tours\/#breadcrumb\"},\"inLanguage\":\"tr\",\"potentialAction\":[{\"@type\":\"ReadAction\",\"target\":[\"https:\/\/alanyahamam.com\/ru\/all-tours\/\"]}]},{\"@type\":\"BreadcrumbList\",\"@id\":\"https:\/\/alanyahamam.com\/ru\/all-tours\/#breadcrumb\",\"itemListElement\":[{\"@type\":\"ListItem\",\"position\":1,\"name\":\"Anasayfa\",\"item\":\"https:\/\/alanyahamam.com\/\"},{\"@type\":\"ListItem\",\"position\":2,\"name\":\"Hizmetlerimiz\"}]},{\"@type\":\"WebSite\",\"@id\":\"https:\/\/alanyahamam.com\/#website\",\"url\":\"https:\/\/alanyahamam.com\/\",\"name\":\"Alanya Spa &amp; Hamam\",\"description\":\"Alanya Spa &amp; Hamam\",\"publisher\":{\"@id\":\"https:\/\/alanyahamam.com\/#organization\"},\"potentialAction\":[{\"@type\":\"SearchAction\",\"target\":{\"@type\":\"EntryPoint\",\"urlTemplate\":\"https:\/\/alanyahamam.com\/?s={search_term_string}\"},\"query-input\":\"required name=search_term_string\"}],\"inLanguage\":\"tr\"},{\"@type\":\"Organization\",\"@id\":\"https:\/\/alanyahamam.com\/#organization\",\"name\":\"Alanya Spa &amp; Hamam\",\"url\":\"https:\/\/alanyahamam.com\/\",\"logo\":{\"@type\":\"ImageObject\",\"inLanguage\":\"tr\",\"@id\":\"https:\/\/alanyahamam.com\/#\/schema\/logo\/image\/\",\"url\":\"https:\/\/alanyahamam.com\/wp-content\/uploads\/2022\/05\/Adsiz_tasarim-removebg-preview.png\",\"contentUrl\":\"https:\/\/alanyahamam.com\/wp-content\/uploads\/2022\/05\/Adsiz_tasarim-removebg-preview.png\",\"width\":372,\"height\":263,\"caption\":\"Alanya Spa &amp; Hamam\"},\"image\":{\"@id\":\"https:\/\/alanyahamam.com\/#\/schema\/logo\/image\/\"}}]}<\/script>\n<!-- \/ Yoast SEO plugin. -->","yoast_head_json":{"title":"Hizmetlerimiz - Alanya Spa &amp; Hamam","robots":{"index":"index","follow":"follow","max-snippet":"max-snippet:-1","max-image-preview":"max-image-preview:large","max-video-preview":"max-video-preview:-1"},"canonical":"https:\/\/alanyahamam.com\/tr\/all-tours\/","og_locale":"tr_TR","og_type":"article","og_title":"Hizmetlerimiz - Alanya Spa &amp; Hamam","og_description":"Destinations Where are you going? All Destinations Africa Morocco Tanzania Americas Argentina Canada Colombia Costa Rica United States Asia Cambodia Japan Nepal ThaiLand Viet Nam Europe France Greece Iceland Italy Switzerland Activity All Activity All Activity Beaches City Tours Cruises Hiking Historical Museum Tours When Guests 0 0 Adult 0 Youth 0 Children Apply Search","og_url":"https:\/\/alanyahamam.com\/tr\/all-tours\/","og_site_name":"Alanya Spa &amp; Hamam","article_modified_time":"2022-05-28T14:36:36+00:00","twitter_card":"summary_large_image","schema":{"@context":"https:\/\/schema.org","@graph":[{"@type":"WebPage","@id":"https:\/\/alanyahamam.com\/ru\/all-tours\/","url":"https:\/\/alanyahamam.com\/ru\/all-tours\/","name":"Hizmetlerimiz - Alanya Spa &amp; Hamam","isPartOf":{"@id":"https:\/\/alanyahamam.com\/#website"},"datePublished":"2020-10-27T05:26:38+00:00","dateModified":"2022-05-28T14:36:36+00:00","breadcrumb":{"@id":"https:\/\/alanyahamam.com\/ru\/all-tours\/#breadcrumb"},"inLanguage":"tr","potentialAction":[{"@type":"ReadAction","target":["https:\/\/alanyahamam.com\/ru\/all-tours\/"]}]},{"@type":"BreadcrumbList","@id":"https:\/\/alanyahamam.com\/ru\/all-tours\/#breadcrumb","itemListElement":[{"@type":"ListItem","position":1,"name":"Anasayfa","item":"https:\/\/alanyahamam.com\/"},{"@type":"ListItem","position":2,"name":"Hizmetlerimiz"}]},{"@type":"WebSite","@id":"https:\/\/alanyahamam.com\/#website","url":"https:\/\/alanyahamam.com\/","name":"Alanya Spa &amp; Hamam","description":"Alanya Spa &amp; Hamam","publisher":{"@id":"https:\/\/alanyahamam.com\/#organization"},"potentialAction":[{"@type":"SearchAction","target":{"@type":"EntryPoint","urlTemplate":"https:\/\/alanyahamam.com\/?s={search_term_string}"},"query-input":"required name=search_term_string"}],"inLanguage":"tr"},{"@type":"Organization","@id":"https:\/\/alanyahamam.com\/#organization","name":"Alanya Spa &amp; Hamam","url":"https:\/\/alanyahamam.com\/","logo":{"@type":"ImageObject","inLanguage":"tr","@id":"https:\/\/alanyahamam.com\/#\/schema\/logo\/image\/","url":"https:\/\/alanyahamam.com\/wp-content\/uploads\/2022\/05\/Adsiz_tasarim-removebg-preview.png","contentUrl":"https:\/\/alanyahamam.com\/wp-content\/uploads\/2022\/05\/Adsiz_tasarim-removebg-preview.png","width":372,"height":263,"caption":"Alanya Spa &amp; Hamam"},"image":{"@id":"https:\/\/alanyahamam.com\/#\/schema\/logo\/image\/"}}]}},"_links":{"self":[{"href":"https:\/\/alanyahamam.com\/tr\/wp-json\/wp\/v2\/pages\/5670","targetHints":{"allow":["GET"]}}],"collection":[{"href":"https:\/\/alanyahamam.com\/tr\/wp-json\/wp\/v2\/pages"}],"about":[{"href":"https:\/\/alanyahamam.com\/tr\/wp-json\/wp\/v2\/types\/page"}],"author":[{"embeddable":true,"href":"https:\/\/alanyahamam.com\/tr\/wp-json\/wp\/v2\/users\/1"}],"replies":[{"embeddable":true,"href":"https:\/\/alanyahamam.com\/tr\/wp-json\/wp\/v2\/comments?post=5670"}],"version-history":[{"count":1,"href":"https:\/\/alanyahamam.com\/tr\/wp-json\/wp\/v2\/pages\/5670\/revisions"}],"predecessor-version":[{"id":7219,"href":"https:\/\/alanyahamam.com\/tr\/wp-json\/wp\/v2\/pages\/5670\/revisions\/7219"}],"wp:attachment":[{"href":"https:\/\/alanyahamam.com\/tr\/wp-json\/wp\/v2\/media?parent=5670"}],"curies":[{"name":"wp","href":"https:\/\/api.w.org\/{rel}","templated":true}]}}