{"id":614,"date":"2020-11-18T09:59:41","date_gmt":"2020-11-18T06:59:41","guid":{"rendered":"https:\/\/demo2wpopal.b-cdn.net\/triply\/?page_id=614"},"modified":"2022-06-01T00:26:01","modified_gmt":"2022-05-31T21:26:01","slug":"about-us","status":"publish","type":"page","link":"https:\/\/alanyahamam.com\/tr\/about-us\/","title":{"rendered":"Hakk\u0131m\u0131zda"},"content":{"rendered":"<div data-elementor-type=\"wp-page\" data-elementor-id=\"614\" class=\"elementor elementor-614\">\n\t\t\t\t\t\t\t\t\t<div class=\"elementor-section elementor-top-section elementor-element elementor-element-0a9a6f3 elementor-section-stretched elementor-section-boxed elementor-section-height-default elementor-section-height-default\" data-id=\"0a9a6f3\" data-element_type=\"section\" data-settings=\"{&quot;stretch_section&quot;:&quot;section-stretched&quot;,&quot;background_background&quot;:&quot;classic&quot;}\">\n\t\t\t\t\t\t<div class=\"elementor-container elementor-column-gap-no\">\n\t\t\t\t\t<div class=\"elementor-column elementor-col-50 elementor-top-column elementor-element elementor-element-8ac8314 elementor-hidden-phone\" data-id=\"8ac8314\" data-element_type=\"column\" data-settings=\"{&quot;background_background&quot;:&quot;classic&quot;}\">\n\t\t\t<div class=\"elementor-widget-wrap elementor-element-populated\">\n\t\t\t\t\t\t\t\t<div class=\"elementor-element elementor-element-636f8b6 elementor-widget elementor-widget-spacer\" data-id=\"636f8b6\" data-element_type=\"widget\" data-widget_type=\"spacer.default\">\n\t\t\t\t<div class=\"elementor-widget-container\">\n\t\t\t<style>\/*! elementor - v3.6.5 - 27-04-2022 *\/\n.e-container.e-container--row .elementor-spacer-inner{width:var(--spacer-size)}.e-container.e-container--column .elementor-spacer-inner,.elementor-column .elementor-spacer-inner{height:var(--spacer-size)}<\/style>\t\t<div class=\"elementor-spacer\">\n\t\t\t<div class=\"elementor-spacer-inner\"><\/div>\n\t\t<\/div>\n\t\t\t\t<\/div>\n\t\t\t\t<\/div>\n\t\t\t\t\t<\/div>\n\t\t<\/div>\n\t\t\t\t<div class=\"elementor-column elementor-col-50 elementor-top-column elementor-element elementor-element-208b2bf\" data-id=\"208b2bf\" data-element_type=\"column\">\n\t\t\t<div class=\"elementor-widget-wrap elementor-element-populated\">\n\t\t\t\t\t\t\t\t<div class=\"elementor-element elementor-element-1ae440c animated-fast elementor-invisible elementor-widget elementor-widget-text-editor\" data-id=\"1ae440c\" data-element_type=\"widget\" data-settings=\"{&quot;_animation&quot;:&quot;opal-move-up&quot;}\" data-widget_type=\"text-editor.default\">\n\t\t\t\t<div class=\"elementor-widget-container\">\n\t\t\t<style>\/*! elementor - v3.6.5 - 27-04-2022 *\/\n.elementor-widget-text-editor.elementor-drop-cap-view-stacked .elementor-drop-cap{background-color:#818a91;color:#fff}.elementor-widget-text-editor.elementor-drop-cap-view-framed .elementor-drop-cap{color:#818a91;border:3px solid;background-color:transparent}.elementor-widget-text-editor:not(.elementor-drop-cap-view-default) .elementor-drop-cap{margin-top:8px}.elementor-widget-text-editor:not(.elementor-drop-cap-view-default) .elementor-drop-cap-letter{width:1em;height:1em}.elementor-widget-text-editor .elementor-drop-cap{float:left;text-align:center;line-height:1;font-size:50px}.elementor-widget-text-editor .elementor-drop-cap-letter{display:inline-block}<\/style>\t\t\t\t<div>Hakk\u0131nda<\/div>\t\t\t\t\t\t<\/div>\n\t\t\t\t<\/div>\n\t\t\t\t<div class=\"elementor-element elementor-element-c67547a elementor-widget__width-initial animated-fast elementor-invisible elementor-widget elementor-widget-heading\" data-id=\"c67547a\" data-element_type=\"widget\" data-settings=\"{&quot;_animation&quot;:&quot;opal-move-up&quot;}\" data-widget_type=\"heading.default\">\n\t\t\t\t<div class=\"elementor-widget-container\">\n\t\t\t<style>\/*! elementor - v3.6.5 - 27-04-2022 *\/\n.elementor-heading-title{padding:0;margin:0;line-height:1}.elementor-widget-heading .elementor-heading-title[class*=elementor-size-]>a{color:inherit;font-size:inherit;line-height:inherit}.elementor-widget-heading .elementor-heading-title.elementor-size-small{font-size:15px}.elementor-widget-heading .elementor-heading-title.elementor-size-medium{font-size:19px}.elementor-widget-heading .elementor-heading-title.elementor-size-large{font-size:29px}.elementor-widget-heading .elementor-heading-title.elementor-size-xl{font-size:39px}.elementor-widget-heading .elementor-heading-title.elementor-size-xxl{font-size:59px}<\/style><h2 class=\"elementor-heading-title elementor-size-default\">Masaj\u0131n\u0131z\u0131 daha sa\u011fl\u0131kl\u0131 hale getiriyoruz..<\/h2>\t\t<\/div>\n\t\t\t\t<\/div>\n\t\t\t\t<div class=\"elementor-element elementor-element-a123a2f elementor-widget__width-initial animated-fast elementor-invisible elementor-widget elementor-widget-text-editor\" data-id=\"a123a2f\" data-element_type=\"widget\" data-settings=\"{&quot;_animation&quot;:&quot;opal-move-up&quot;}\" data-widget_type=\"text-editor.default\">\n\t\t\t\t<div class=\"elementor-widget-container\">\n\t\t\t\t\t\t\t<p>Alanya&#039;n\u0131n en k\u00f6kl\u00fc masaj salonu olarak sizlere kaliteli ve g\u00fcvenilir hizmet vermek i\u00e7in \u00e7al\u0131\u015f\u0131yoruz. Vermi\u015f oldu\u011fumuz hizmet nedeniyle sizlere sa\u011fl\u0131kl\u0131 ve titiz bir hizmet sunuyoruz.<\/p>\t\t\t\t\t\t<\/div>\n\t\t\t\t<\/div>\n\t\t\t\t\t<\/div>\n\t\t<\/div>\n\t\t\t\t\t\t\t<\/div>\n\t\t<\/div>\n\t\t\t\t\t\t\t<\/div>","protected":false},"excerpt":{"rendered":"<p>About We make your massage healthier.. As Alanya&#8217;s most established massage parlor, we are working to provide you with a quality and reliable service. Due to the service we have provided, we offer you a healthy and meticulous service.<\/p>","protected":false},"author":1,"featured_media":0,"parent":0,"menu_order":0,"comment_status":"closed","ping_status":"closed","template":"","meta":{"inline_featured_image":false,"footnotes":""},"class_list":["post-614","page","type-page","status-publish","hentry"],"yoast_head":"<!-- This site is optimized with the Yoast SEO plugin v20.8 - https:\/\/yoast.com\/wordpress\/plugins\/seo\/ -->\n<title>Hakk\u0131m\u0131zda - Alanya Spa &amp; Hamam<\/title>\n<meta name=\"robots\" content=\"index, follow, max-snippet:-1, max-image-preview:large, max-video-preview:-1\" \/>\n<link rel=\"canonical\" href=\"https:\/\/alanyahamam.com\/tr\/about-us\/\" \/>\n<meta property=\"og:locale\" content=\"tr_TR\" \/>\n<meta property=\"og:type\" content=\"article\" \/>\n<meta property=\"og:title\" content=\"Hakk\u0131m\u0131zda - Alanya Spa &amp; Hamam\" \/>\n<meta property=\"og:description\" content=\"About We make your massage healthier.. As Alanya&#8217;s most established massage parlor, we are working to provide you with a quality and reliable service. Due to the service we have provided, we offer you a healthy and meticulous service.\" \/>\n<meta property=\"og:url\" content=\"https:\/\/alanyahamam.com\/tr\/about-us\/\" \/>\n<meta property=\"og:site_name\" content=\"Alanya Spa &amp; Hamam\" \/>\n<meta property=\"article:modified_time\" content=\"2022-05-31T21:26:01+00:00\" \/>\n<meta name=\"twitter:card\" content=\"summary_large_image\" \/>\n<script type=\"application\/ld+json\" class=\"yoast-schema-graph\">{\"@context\":\"https:\/\/schema.org\",\"@graph\":[{\"@type\":\"WebPage\",\"@id\":\"https:\/\/alanyahamam.com\/about-us\/\",\"url\":\"https:\/\/alanyahamam.com\/about-us\/\",\"name\":\"Hakk\u0131m\u0131zda - Alanya Spa &amp; Hamam\",\"isPartOf\":{\"@id\":\"https:\/\/alanyahamam.com\/#website\"},\"datePublished\":\"2020-11-18T06:59:41+00:00\",\"dateModified\":\"2022-05-31T21:26:01+00:00\",\"breadcrumb\":{\"@id\":\"https:\/\/alanyahamam.com\/about-us\/#breadcrumb\"},\"inLanguage\":\"tr\",\"potentialAction\":[{\"@type\":\"ReadAction\",\"target\":[\"https:\/\/alanyahamam.com\/about-us\/\"]}]},{\"@type\":\"BreadcrumbList\",\"@id\":\"https:\/\/alanyahamam.com\/about-us\/#breadcrumb\",\"itemListElement\":[{\"@type\":\"ListItem\",\"position\":1,\"name\":\"Anasayfa\",\"item\":\"https:\/\/alanyahamam.com\/\"},{\"@type\":\"ListItem\",\"position\":2,\"name\":\"Hakk\u0131m\u0131zda\"}]},{\"@type\":\"WebSite\",\"@id\":\"https:\/\/alanyahamam.com\/#website\",\"url\":\"https:\/\/alanyahamam.com\/\",\"name\":\"Alanya Spa &amp; Hamam\",\"description\":\"Alanya Spa &amp; Hamam\",\"publisher\":{\"@id\":\"https:\/\/alanyahamam.com\/#organization\"},\"potentialAction\":[{\"@type\":\"SearchAction\",\"target\":{\"@type\":\"EntryPoint\",\"urlTemplate\":\"https:\/\/alanyahamam.com\/?s={search_term_string}\"},\"query-input\":\"required name=search_term_string\"}],\"inLanguage\":\"tr\"},{\"@type\":\"Organization\",\"@id\":\"https:\/\/alanyahamam.com\/#organization\",\"name\":\"Alanya Spa &amp; Hamam\",\"url\":\"https:\/\/alanyahamam.com\/\",\"logo\":{\"@type\":\"ImageObject\",\"inLanguage\":\"tr\",\"@id\":\"https:\/\/alanyahamam.com\/#\/schema\/logo\/image\/\",\"url\":\"https:\/\/alanyahamam.com\/wp-content\/uploads\/2022\/05\/Adsiz_tasarim-removebg-preview.png\",\"contentUrl\":\"https:\/\/alanyahamam.com\/wp-content\/uploads\/2022\/05\/Adsiz_tasarim-removebg-preview.png\",\"width\":372,\"height\":263,\"caption\":\"Alanya Spa &amp; Hamam\"},\"image\":{\"@id\":\"https:\/\/alanyahamam.com\/#\/schema\/logo\/image\/\"}}]}<\/script>\n<!-- \/ Yoast SEO plugin. -->","yoast_head_json":{"title":"Hakk\u0131m\u0131zda - Alanya Spa &amp; Hamam","robots":{"index":"index","follow":"follow","max-snippet":"max-snippet:-1","max-image-preview":"max-image-preview:large","max-video-preview":"max-video-preview:-1"},"canonical":"https:\/\/alanyahamam.com\/tr\/about-us\/","og_locale":"tr_TR","og_type":"article","og_title":"Hakk\u0131m\u0131zda - Alanya Spa &amp; Hamam","og_description":"About We make your massage healthier.. As Alanya&#8217;s most established massage parlor, we are working to provide you with a quality and reliable service. Due to the service we have provided, we offer you a healthy and meticulous service.","og_url":"https:\/\/alanyahamam.com\/tr\/about-us\/","og_site_name":"Alanya Spa &amp; Hamam","article_modified_time":"2022-05-31T21:26:01+00:00","twitter_card":"summary_large_image","schema":{"@context":"https:\/\/schema.org","@graph":[{"@type":"WebPage","@id":"https:\/\/alanyahamam.com\/about-us\/","url":"https:\/\/alanyahamam.com\/about-us\/","name":"Hakk\u0131m\u0131zda - Alanya Spa &amp; Hamam","isPartOf":{"@id":"https:\/\/alanyahamam.com\/#website"},"datePublished":"2020-11-18T06:59:41+00:00","dateModified":"2022-05-31T21:26:01+00:00","breadcrumb":{"@id":"https:\/\/alanyahamam.com\/about-us\/#breadcrumb"},"inLanguage":"tr","potentialAction":[{"@type":"ReadAction","target":["https:\/\/alanyahamam.com\/about-us\/"]}]},{"@type":"BreadcrumbList","@id":"https:\/\/alanyahamam.com\/about-us\/#breadcrumb","itemListElement":[{"@type":"ListItem","position":1,"name":"Anasayfa","item":"https:\/\/alanyahamam.com\/"},{"@type":"ListItem","position":2,"name":"Hakk\u0131m\u0131zda"}]},{"@type":"WebSite","@id":"https:\/\/alanyahamam.com\/#website","url":"https:\/\/alanyahamam.com\/","name":"Alanya Spa &amp; Hamam","description":"Alanya Spa &amp; Hamam","publisher":{"@id":"https:\/\/alanyahamam.com\/#organization"},"potentialAction":[{"@type":"SearchAction","target":{"@type":"EntryPoint","urlTemplate":"https:\/\/alanyahamam.com\/?s={search_term_string}"},"query-input":"required name=search_term_string"}],"inLanguage":"tr"},{"@type":"Organization","@id":"https:\/\/alanyahamam.com\/#organization","name":"Alanya Spa &amp; Hamam","url":"https:\/\/alanyahamam.com\/","logo":{"@type":"ImageObject","inLanguage":"tr","@id":"https:\/\/alanyahamam.com\/#\/schema\/logo\/image\/","url":"https:\/\/alanyahamam.com\/wp-content\/uploads\/2022\/05\/Adsiz_tasarim-removebg-preview.png","contentUrl":"https:\/\/alanyahamam.com\/wp-content\/uploads\/2022\/05\/Adsiz_tasarim-removebg-preview.png","width":372,"height":263,"caption":"Alanya Spa &amp; Hamam"},"image":{"@id":"https:\/\/alanyahamam.com\/#\/schema\/logo\/image\/"}}]}},"_links":{"self":[{"href":"https:\/\/alanyahamam.com\/tr\/wp-json\/wp\/v2\/pages\/614","targetHints":{"allow":["GET"]}}],"collection":[{"href":"https:\/\/alanyahamam.com\/tr\/wp-json\/wp\/v2\/pages"}],"about":[{"href":"https:\/\/alanyahamam.com\/tr\/wp-json\/wp\/v2\/types\/page"}],"author":[{"embeddable":true,"href":"https:\/\/alanyahamam.com\/tr\/wp-json\/wp\/v2\/users\/1"}],"replies":[{"embeddable":true,"href":"https:\/\/alanyahamam.com\/tr\/wp-json\/wp\/v2\/comments?post=614"}],"version-history":[{"count":5,"href":"https:\/\/alanyahamam.com\/tr\/wp-json\/wp\/v2\/pages\/614\/revisions"}],"predecessor-version":[{"id":7338,"href":"https:\/\/alanyahamam.com\/tr\/wp-json\/wp\/v2\/pages\/614\/revisions\/7338"}],"wp:attachment":[{"href":"https:\/\/alanyahamam.com\/tr\/wp-json\/wp\/v2\/media?parent=614"}],"curies":[{"name":"wp","href":"https:\/\/api.w.org\/{rel}","templated":true}]}}